{"id":50,"date":"2023-10-03T09:27:43","date_gmt":"2023-10-03T09:27:43","guid":{"rendered":"http:\/\/alecschweiger.com\/about\/"},"modified":"2024-10-29T08:44:26","modified_gmt":"2024-10-29T08:44:26","slug":"imprint","status":"publish","type":"page","link":"https:\/\/alecschweiger.com\/de\/imprint\/","title":{"rendered":"Impressum"},"content":{"rendered":"<div data-elementor-type=\"wp-page\" data-elementor-id=\"50\" class=\"elementor elementor-50\" data-elementor-post-type=\"page\">\n\t\t\t\t<div class=\"elementor-element elementor-element-82e60b7 e-flex e-con-boxed e-con e-parent\" data-id=\"82e60b7\" data-element_type=\"container\" data-e-type=\"container\">\n\t\t\t\t\t<div class=\"e-con-inner\">\n\t\t\t\t<div class=\"elementor-element elementor-element-0456c21 elementor-widget elementor-widget-heading\" data-id=\"0456c21\" data-element_type=\"widget\" data-e-type=\"widget\" data-widget_type=\"heading.default\">\n\t\t\t\t<div class=\"elementor-widget-container\">\n\t\t\t\t\t<h2 class=\"elementor-heading-title elementor-size-default\">Websitenbetreiber<\/h2>\t\t\t\t<\/div>\n\t\t\t\t<\/div>\n\t\t\t\t<div class=\"elementor-element elementor-element-e6f8fac elementor-widget elementor-widget-text-editor\" data-id=\"e6f8fac\" data-element_type=\"widget\" data-e-type=\"widget\" data-widget_type=\"text-editor.default\">\n\t\t\t\t<div class=\"elementor-widget-container\">\n\t\t\t\t\t\t\t\t\t<p>Alec Schweiger<\/p>\t\t\t\t\t\t\t\t<\/div>\n\t\t\t\t<\/div>\n\t\t\t\t<div class=\"elementor-element elementor-element-2377698 elementor-widget elementor-widget-heading\" data-id=\"2377698\" data-element_type=\"widget\" data-e-type=\"widget\" data-widget_type=\"heading.default\">\n\t\t\t\t<div class=\"elementor-widget-container\">\n\t\t\t\t\t<h2 class=\"elementor-heading-title elementor-size-default\">informationen \u00fcber das Unternehmen<\/h2>\t\t\t\t<\/div>\n\t\t\t\t<\/div>\n\t\t\t\t<div class=\"elementor-element elementor-element-7ecaef7 elementor-widget elementor-widget-text-editor\" data-id=\"7ecaef7\" data-element_type=\"widget\" data-e-type=\"widget\" data-widget_type=\"text-editor.default\">\n\t\t\t\t<div class=\"elementor-widget-container\">\n\t\t\t\t\t\t\t\t\t<p>Einzelunternehmer<\/p><p>Bugenhagenstra\u00dfe 6 Berlin , 10551<\/p><p>info@alecschweiger.de<\/p><p>01775452822<\/p>\t\t\t\t\t\t\t\t<\/div>\n\t\t\t\t<\/div>\n\t\t\t\t<div class=\"elementor-element elementor-element-5d72860 elementor-widget elementor-widget-heading\" data-id=\"5d72860\" data-element_type=\"widget\" data-e-type=\"widget\" data-widget_type=\"heading.default\">\n\t\t\t\t<div class=\"elementor-widget-container\">\n\t\t\t\t\t<h2 class=\"elementor-heading-title elementor-size-default\">Informationen \u00fcber die Unternehmensregistrierung<\/h2>\t\t\t\t<\/div>\n\t\t\t\t<\/div>\n\t\t\t\t<div class=\"elementor-element elementor-element-f4aeb7a elementor-widget elementor-widget-text-editor\" data-id=\"f4aeb7a\" data-element_type=\"widget\" data-e-type=\"widget\" data-widget_type=\"text-editor.default\">\n\t\t\t\t<div class=\"elementor-widget-container\">\n\t\t\t\t\t\t\t\t\t<p>34\/529\/02651<\/p><p>Informationen zur Online-Streitbeilegung: Die EU-Kommission hat eine Internetplattform zur Online-Beilegung von Streitigkeiten (sog. \u201eOSPlattform\u201c) geschaffen. Die OS-Plattform dient als Anlaufstelle zur au\u00dfergerichtlichen Beilegung von Streitigkeiten betreffend vertragliche Verpflichtungen, die aus Online-Kaufvertr\u00e4gen erwachsen. Sie k\u00f6nnen die OS-Plattform unter dem folgenden Link erreichen: http:\/\/ec.euopa.eu\/consumers\/odr \u201eHinweis gem\u00e4\u00df \u00a7 36 Verbraucherstreitbeilegungsgesetz (VSBG).<\/p>\t\t\t\t\t\t\t\t<\/div>\n\t\t\t\t<\/div>\n\t\t\t\t\t<\/div>\n\t\t\t\t<\/div>\n\t\t\t\t<\/div>","protected":false},"excerpt":{"rendered":"<p>Websitenbetreiber Alec Schweiger informationen \u00fcber das Unternehmen Einzelunternehmer Bugenhagenstra\u00dfe 6 Berlin , 10551 info@alecschweiger.de 01775452822 Informationen \u00fcber die Unternehmensregistrierung 34\/529\/02651 Informationen zur Online-Streitbeilegung: Die EU-Kommission hat eine Internetplattform zur Online-Beilegung von Streitigkeiten (sog. \u201eOSPlattform\u201c) geschaffen. Die OS-Plattform dient als Anlaufstelle zur au\u00dfergerichtlichen Beilegung von Streitigkeiten betreffend vertragliche Verpflichtungen, die aus Online-Kaufvertr\u00e4gen erwachsen. Sie k\u00f6nnen die [&hellip;]<\/p>\n","protected":false},"author":1,"featured_media":0,"parent":0,"menu_order":0,"comment_status":"closed","ping_status":"closed","template":"elementor_header_footer","meta":{"footnotes":""},"class_list":["post-50","page","type-page","status-publish","hentry"],"jetpack_sharing_enabled":true,"_links":{"self":[{"href":"https:\/\/alecschweiger.com\/de\/wp-json\/wp\/v2\/pages\/50","targetHints":{"allow":["GET"]}}],"collection":[{"href":"https:\/\/alecschweiger.com\/de\/wp-json\/wp\/v2\/pages"}],"about":[{"href":"https:\/\/alecschweiger.com\/de\/wp-json\/wp\/v2\/types\/page"}],"author":[{"embeddable":true,"href":"https:\/\/alecschweiger.com\/de\/wp-json\/wp\/v2\/users\/1"}],"replies":[{"embeddable":true,"href":"https:\/\/alecschweiger.com\/de\/wp-json\/wp\/v2\/comments?post=50"}],"version-history":[{"count":15,"href":"https:\/\/alecschweiger.com\/de\/wp-json\/wp\/v2\/pages\/50\/revisions"}],"predecessor-version":[{"id":1498,"href":"https:\/\/alecschweiger.com\/de\/wp-json\/wp\/v2\/pages\/50\/revisions\/1498"}],"wp:attachment":[{"href":"https:\/\/alecschweiger.com\/de\/wp-json\/wp\/v2\/media?parent=50"}],"curies":[{"name":"wp","href":"https:\/\/api.w.org\/{rel}","templated":true}]}}